{"id":643,"date":"2023-06-26T19:59:45","date_gmt":"2023-06-26T19:59:45","guid":{"rendered":"https:\/\/aei.art.br\/aiai\/?page_id=643"},"modified":"2025-11-19T15:14:34","modified_gmt":"2025-11-19T15:14:34","slug":"pesquisa","status":"publish","type":"page","link":"https:\/\/aei.art.br\/aiai\/pesquisa\/","title":{"rendered":"Pesquisa"},"content":{"rendered":"\t\t<div data-elementor-type=\"wp-page\" data-elementor-id=\"643\" class=\"elementor elementor-643\" data-elementor-post-type=\"page\">\n\t\t\t\t\t\t<section class=\"elementor-section elementor-top-section elementor-element elementor-element-36c03be elementor-section-boxed elementor-section-height-default elementor-section-height-default\" data-id=\"36c03be\" data-element_type=\"section\">\n\t\t\t\t\t\t<div class=\"elementor-container elementor-column-gap-default\">\n\t\t\t\t\t<div class=\"elementor-column elementor-col-33 elementor-top-column elementor-element elementor-element-9205ff3\" data-id=\"9205ff3\" data-element_type=\"column\" data-settings=\"{&quot;background_background&quot;:&quot;classic&quot;}\">\n\t\t\t<div class=\"elementor-widget-wrap elementor-element-populated\">\n\t\t\t\t\t\t<div class=\"elementor-element elementor-element-d8c0f02 elementor-widget elementor-widget-image\" data-id=\"d8c0f02\" data-element_type=\"widget\" data-widget_type=\"image.default\">\n\t\t\t\t<div class=\"elementor-widget-container\">\n\t\t\t\t\t\t\t\t\t\t\t\t<figure class=\"wp-caption\">\n\t\t\t\t\t\t\t\t\t\t\t<a href=\"https:\/\/aei.art.br\/aiai\/wp-content\/uploads\/2023\/06\/Kadu.png\" data-elementor-open-lightbox=\"yes\" data-elementor-lightbox-title=\"Kadu\" data-elementor-lightbox-description=\"Prompt: Futuristic style, 16:9; Pernambuco, Brazil, 2050, in the bush, Indigenous Xucuru ritual, 4 humans dance together with 2 dogs and 2 goats, in circle, around a small little fire, during the night. 8k.\r\n\" data-e-action-hash=\"#elementor-action%3Aaction%3Dlightbox%26settings%3DeyJpZCI6MzIyLCJ1cmwiOiJodHRwczpcL1wvYWVpLmFydC5iclwvYWlhaVwvd3AtY29udGVudFwvdXBsb2Fkc1wvMjAyM1wvMDZcL0thZHUucG5nIn0%3D\">\n\t\t\t\t\t\t\t<img fetchpriority=\"high\" decoding=\"async\" width=\"1024\" height=\"1024\" src=\"https:\/\/aei.art.br\/aiai\/wp-content\/uploads\/2023\/06\/Kadu.png\" class=\"attachment-large size-large wp-image-322\" alt=\"\" srcset=\"https:\/\/aei.art.br\/aiai\/wp-content\/uploads\/2023\/06\/Kadu.png 1024w, https:\/\/aei.art.br\/aiai\/wp-content\/uploads\/2023\/06\/Kadu-500x500.png 500w, https:\/\/aei.art.br\/aiai\/wp-content\/uploads\/2023\/06\/Kadu-300x300.png 300w, https:\/\/aei.art.br\/aiai\/wp-content\/uploads\/2023\/06\/Kadu-768x768.png 768w, https:\/\/aei.art.br\/aiai\/wp-content\/uploads\/2023\/06\/Kadu-150x150.png 150w, https:\/\/aei.art.br\/aiai\/wp-content\/uploads\/2023\/06\/Kadu-75x75.png 75w, https:\/\/aei.art.br\/aiai\/wp-content\/uploads\/2023\/06\/Kadu-480x480.png 480w\" sizes=\"(max-width:767px) 480px, (max-width:1024px) 100vw, 1024px\" \/>\t\t\t\t\t\t\t\t<\/a>\n\t\t\t\t\t\t\t\t\t\t\t<figcaption class=\"widget-image-caption wp-caption-text\">Kadu<\/figcaption>\n\t\t\t\t\t\t\t\t\t\t<\/figure>\n\t\t\t\t\t\t\t\t\t<\/div>\n\t\t\t\t<\/div>\n\t\t\t\t\t<\/div>\n\t\t<\/div>\n\t\t\t\t<div class=\"elementor-column elementor-col-66 elementor-top-column elementor-element elementor-element-fd3b8af\" data-id=\"fd3b8af\" data-element_type=\"column\">\n\t\t\t<div class=\"elementor-widget-wrap elementor-element-populated\">\n\t\t\t\t\t\t<div class=\"elementor-element elementor-element-3b95472 elementor-widget elementor-widget-text-editor\" data-id=\"3b95472\" data-element_type=\"widget\" data-widget_type=\"text-editor.default\">\n\t\t\t\t<div class=\"elementor-widget-container\">\n\t\t\t\t\t\t\t\t\t<p><span style=\"font-weight: 400;\">O projeto gerou uma enorme quantidade de material e muitas discuss\u00f5es realmente perspicazes. Essas discuss\u00f5es giraram em torno da gera\u00e7\u00e3o de imagens com ferramentas de IA, as limita\u00e7\u00f5es \u00e0 representa\u00e7\u00e3o ind\u00edgena causadas pela proveni\u00eancia dos dados com que o MidJourney foi treinado e limita\u00e7\u00f5es \u2018de sistema\u2019 \u00e0 representa\u00e7\u00e3o impostas pelos desenvolvedores (por exemplo, com rela\u00e7\u00e3o \u00e0 nudez), bem como sobre cosmovis\u00f5es, est\u00e9ticas e formas de imaginar o futuro ind\u00edgenas.<\/span><\/p><p><span style=\"font-weight: 400;\">Embora nos divertimos jogando com o MidJourney e vendo o que ele pode fazer, muitos participantes n\u00e3o ficaram totalmente satisfeitos com as imagens dos povos ind\u00edgenas e cenas da vida ind\u00edgena geradas pelo MidJourney. Em particular, notamos que ao usar um prompt que n\u00e3o especificava o termo \u201cind\u00edgena\u201d, uma etnia espec\u00edfica e\/ou regi\u00e3o relacionada, juntamente com sua topografia, flora e fauna, as configura\u00e7\u00f5es padr\u00e3o produziam corpos brancos, biomas e paisagens europ\u00e9ias ou norte-americanas, e uma est\u00e9tica de pintura europ\u00e9ia ou de quadrinhos tipo mang\u00e1. No entanto, quando o adjetivo \u201cind\u00edgena\u201d foi adicionado, o algoritmo da ferramenta funcionou de forma que nossas tentativas de gerar imagens futuristas mostrando ind\u00edgenas interagindo com objetos de alta tecnologia sempre acabavam retratando os ind\u00edgenas e seus estilos de vida como intimamente ligados \u00e0 tradi\u00e7\u00e3o, eliminando assim refer\u00eancias a telefones celulares, sat\u00e9lites, etc.<\/span><\/p><p><span style=\"font-weight: 400;\">Mesmo ap\u00f3s novos ajustes nos prompts para que se afastassem das tend\u00eancias representacionais padr\u00e3o do MidJourney e de sua vis\u00e3o colonialista dos povos ind\u00edgenas, muitos ainda argumentaram, como fez Tadeu ao buscar gerar imagens do povo Kaingang, que &#8216;Esses n\u00e3o s\u00e3o meus parentes!&#8217; Loreto ficou particularmente desapontada com os resultados \u201cmuito brancos\u201d, patriarcais e individualistas que seu prompt nos trouxe. E enquanto a maioria expressou felicidade geral com os resultados relativos ao que haviam imaginado e n\u00e3o desanimou com as defici\u00eancias na representa\u00e7\u00e3o dos povos e culturas ind\u00edgenas, apenas Aymar achou que a imagem que ele gerou de um \u201cvelho av\u00f4 aimara caminhando por suas terras na ribeira do Lago Titicaca\u201d<\/span> <span style=\"font-weight: 400;\">parecia muito com seu pr\u00f3prio av\u00f4.<\/span><\/p><p><span style=\"font-weight: 400;\">Embora o exposto acima dificilmente seja uma prova cient\u00edfica de vi\u00e9s na maneira como o MidJourney funciona e, sem d\u00favida, nossa maneira de trabalhar era muito aleat\u00f3ria, com muitas vari\u00e1veis \u200b\u200bem jogo a qualquer momento, ele nos de uma ideia de alguns dos problemas que podem ser encontrados com a representa\u00e7\u00e3o da indigeneidade feita pelas ferramentas de gera\u00e7\u00e3o de imagens IA que existem at\u00e9 agora e incentiva o pensamento cr\u00edtico em rela\u00e7\u00e3o ao seu uso.\u00a0<\/span><\/p><p>\u00a0<\/p>\t\t\t\t\t\t\t\t<\/div>\n\t\t\t\t<\/div>\n\t\t\t\t\t<\/div>\n\t\t<\/div>\n\t\t\t\t\t<\/div>\n\t\t<\/section>\n\t\t\t\t<section class=\"elementor-section elementor-top-section elementor-element elementor-element-e3b22fe elementor-section-boxed elementor-section-height-default elementor-section-height-default\" data-id=\"e3b22fe\" data-element_type=\"section\">\n\t\t\t\t\t\t<div class=\"elementor-container elementor-column-gap-default\">\n\t\t\t\t\t<div class=\"elementor-column elementor-col-100 elementor-top-column elementor-element elementor-element-fcd4204\" data-id=\"fcd4204\" data-element_type=\"column\">\n\t\t\t<div class=\"elementor-widget-wrap elementor-element-populated\">\n\t\t\t\t\t\t<div class=\"elementor-element elementor-element-1628b98 elementor-widget elementor-widget-spacer\" data-id=\"1628b98\" data-element_type=\"widget\" data-widget_type=\"spacer.default\">\n\t\t\t\t<div class=\"elementor-widget-container\">\n\t\t\t\t\t\t\t<div class=\"elementor-spacer\">\n\t\t\t<div class=\"elementor-spacer-inner\"><\/div>\n\t\t<\/div>\n\t\t\t\t\t\t<\/div>\n\t\t\t\t<\/div>\n\t\t\t\t\t<\/div>\n\t\t<\/div>\n\t\t\t\t\t<\/div>\n\t\t<\/section>\n\t\t\t\t<section class=\"elementor-section elementor-top-section elementor-element elementor-element-e8de8ea elementor-section-boxed elementor-section-height-default elementor-section-height-default\" data-id=\"e8de8ea\" data-element_type=\"section\">\n\t\t\t\t\t\t<div class=\"elementor-container elementor-column-gap-default\">\n\t\t\t\t\t<div class=\"elementor-column elementor-col-100 elementor-top-column elementor-element elementor-element-b457e31\" data-id=\"b457e31\" data-element_type=\"column\">\n\t\t\t<div class=\"elementor-widget-wrap elementor-element-populated\">\n\t\t\t\t\t\t<div class=\"elementor-element elementor-element-d020651 elementor-widget elementor-widget-heading\" data-id=\"d020651\" data-element_type=\"widget\" data-widget_type=\"heading.default\">\n\t\t\t\t<div class=\"elementor-widget-container\">\n\t\t\t\t\t<h4 class=\"elementor-heading-title elementor-size-default\">Depoimentos<\/h4>\t\t\t\t<\/div>\n\t\t\t\t<\/div>\n\t\t\t\t<div class=\"elementor-element elementor-element-81a35d1 elementor-widget elementor-widget-spacer\" data-id=\"81a35d1\" data-element_type=\"widget\" data-widget_type=\"spacer.default\">\n\t\t\t\t<div class=\"elementor-widget-container\">\n\t\t\t\t\t\t\t<div class=\"elementor-spacer\">\n\t\t\t<div class=\"elementor-spacer-inner\"><\/div>\n\t\t<\/div>\n\t\t\t\t\t\t<\/div>\n\t\t\t\t<\/div>\n\t\t\t\t\t<\/div>\n\t\t<\/div>\n\t\t\t\t\t<\/div>\n\t\t<\/section>\n\t\t\t\t<section class=\"elementor-section elementor-top-section elementor-element elementor-element-f2abe8c elementor-section-boxed elementor-section-height-default elementor-section-height-default\" data-id=\"f2abe8c\" data-element_type=\"section\">\n\t\t\t\t\t\t<div class=\"elementor-container elementor-column-gap-default\">\n\t\t\t\t\t<div class=\"elementor-column elementor-col-100 elementor-top-column elementor-element elementor-element-3f55151\" data-id=\"3f55151\" data-element_type=\"column\">\n\t\t\t<div class=\"elementor-widget-wrap elementor-element-populated\">\n\t\t\t\t\t\t<div class=\"elementor-element elementor-element-7247137 elementor-widget__width-initial elementor-widget elementor-widget-mfn_testimonials_list\" data-id=\"7247137\" data-element_type=\"widget\" data-widget_type=\"mfn_testimonials_list.default\">\n\t\t\t\t<div class=\"elementor-widget-container\">\n\t\t\t\t\t<div class=\"testimonials_list \"><div class=\"item no-img\"><div class=\"desc\"><h4 class=\"title\">Nhenety Kariri-Xoc\u00f3<\/h4><p class=\"subtitle\"><\/p><hr class=\"hr_color\" \/><div class=\"blockquote\"><span class=\"mfn-blockquote-icon\"><i class=\"icon-quote\" aria-hidden=\"true\"><\/i><\/span><blockquote>'Tenho convic\u00e7\u00e3o que existe uma boa parceria entre Intelig\u00eancia Natural e Intelig\u00eancia Artificial, na capacidade de conectar informa\u00e7\u00f5es dispon\u00edveis na Intelig\u00eancia Natural para a Intelig\u00eancia Artificial. A Intelig\u00eancia Natural \u00e9 tudo aquilo que aprendemos por conex\u00f5es atrav\u00e9s da nossa experi\u00eancia na forma f\u00edsica direta local; a Intelig\u00eancia Artificial ainda est\u00e1 se formando o conceito, mas s\u00e3o conex\u00f5es eletr\u00f4nicas, virtuais essa IA.'<\/blockquote><\/div><\/div><\/div>\n<div class=\"item no-img\"><div class=\"desc\"><h4 class=\"title\">Horacio Montes de Oca Ayala<\/h4><p class=\"subtitle\"><\/p><hr class=\"hr_color\" \/><div class=\"blockquote\"><span class=\"mfn-blockquote-icon\"><i class=\"icon-quote\" aria-hidden=\"true\"><\/i><\/span><blockquote><span style=\"font-weight: 400;\">\u2018Esta abordagem \u00e0 IA a partir do campo das artes visuais foi uma experi\u00eancia de aprendizagem e compreens\u00e3o da forma como a IA processa a informa\u00e7\u00e3o, da sua l\u00f3gica de composi\u00e7\u00e3o e tamb\u00e9m de seus preconceitos. Me impressiona a capacidade quase instant\u00e2nea de produzir e compor imagens combinando conceitos dif\u00edceis de unir como o futuro, o ind\u00edgena, a natureza e o homem. Uma facilidade que tamb\u00e9m \u00e9 desconcertante porque exprime um sintoma do nosso tempo, quero dizer a elevada capacidade de criar imagens ou compor m\u00fasica ou literatura quase instantaneamente mas carente de reflex\u00e3o pr\u00e9via, sem pesquisa para fundamentar as cria\u00e7\u00f5es, enfim, obras sem esp\u00edrito, obras vazias sem conte\u00fado.\u2019<\/span><\/blockquote><\/div><\/div><\/div>\n<\/div>\n\t\t\t\t<\/div>\n\t\t\t\t<\/div>\n\t\t\t\t\t<\/div>\n\t\t<\/div>\n\t\t\t\t\t<\/div>\n\t\t<\/section>\n\t\t\t\t<section class=\"elementor-section elementor-top-section elementor-element elementor-element-4803056 elementor-section-boxed elementor-section-height-default elementor-section-height-default\" data-id=\"4803056\" data-element_type=\"section\">\n\t\t\t\t\t\t<div class=\"elementor-container elementor-column-gap-default\">\n\t\t\t\t\t<div class=\"elementor-column elementor-col-100 elementor-top-column elementor-element elementor-element-68a233e\" data-id=\"68a233e\" data-element_type=\"column\">\n\t\t\t<div class=\"elementor-widget-wrap elementor-element-populated\">\n\t\t\t\t\t\t<div class=\"elementor-element elementor-element-c65865c elementor-widget__width-initial elementor-widget elementor-widget-text-editor\" data-id=\"c65865c\" data-element_type=\"widget\" data-widget_type=\"text-editor.default\">\n\t\t\t\t<div class=\"elementor-widget-container\">\n\t\t\t\t\t\t\t\t\t<p><span style=\"font-weight: 400;\">Um livro coletivo sobre o projeto <\/span><i><span style=\"font-weight: 400;\">intitulado Intelig\u00eancia Artificial, Arte e Indigeneidade: Entre Sonhos e Alucina\u00e7\u00f5es<\/span><\/i><span style=\"font-weight: 400;\"> dever\u00e1 ser publicado pela University of London Press em 2026.<\/span><\/p>\t\t\t\t\t\t\t\t<\/div>\n\t\t\t\t<\/div>\n\t\t\t\t<div class=\"elementor-element elementor-element-5f67198 elementor-widget elementor-widget-spacer\" data-id=\"5f67198\" data-element_type=\"widget\" data-widget_type=\"spacer.default\">\n\t\t\t\t<div class=\"elementor-widget-container\">\n\t\t\t\t\t\t\t<div class=\"elementor-spacer\">\n\t\t\t<div class=\"elementor-spacer-inner\"><\/div>\n\t\t<\/div>\n\t\t\t\t\t\t<\/div>\n\t\t\t\t<\/div>\n\t\t\t\t\t<\/div>\n\t\t<\/div>\n\t\t\t\t\t<\/div>\n\t\t<\/section>\n\t\t\t\t<section class=\"elementor-section elementor-top-section elementor-element elementor-element-c228f68 elementor-section-boxed elementor-section-height-default elementor-section-height-default\" data-id=\"c228f68\" data-element_type=\"section\">\n\t\t\t\t\t\t<div class=\"elementor-container elementor-column-gap-default\">\n\t\t\t\t\t<div class=\"elementor-column elementor-col-33 elementor-top-column elementor-element elementor-element-d2a9d32\" data-id=\"d2a9d32\" data-element_type=\"column\">\n\t\t\t<div class=\"elementor-widget-wrap elementor-element-populated\">\n\t\t\t\t\t\t<div class=\"elementor-element elementor-element-e5da5de elementor-widget elementor-widget-image\" data-id=\"e5da5de\" data-element_type=\"widget\" data-widget_type=\"image.default\">\n\t\t\t\t<div class=\"elementor-widget-container\">\n\t\t\t\t\t\t\t\t\t\t\t\t\t\t\t<img decoding=\"async\" width=\"220\" height=\"63\" src=\"https:\/\/aei.art.br\/aiai\/wp-content\/uploads\/2023\/06\/logo-thydewa-2018.png\" class=\"attachment-large size-large wp-image-534\" alt=\"\" srcset=\"https:\/\/aei.art.br\/aiai\/wp-content\/uploads\/2023\/06\/logo-thydewa-2018.png 220w, https:\/\/aei.art.br\/aiai\/wp-content\/uploads\/2023\/06\/logo-thydewa-2018-150x43.png 150w\" sizes=\"(max-width:767px) 220px, 220px\" \/>\t\t\t\t\t\t\t\t\t\t\t\t\t\t\t<\/div>\n\t\t\t\t<\/div>\n\t\t\t\t\t<\/div>\n\t\t<\/div>\n\t\t\t\t<div class=\"elementor-column elementor-col-33 elementor-top-column elementor-element elementor-element-cc97f3f\" data-id=\"cc97f3f\" data-element_type=\"column\">\n\t\t\t<div class=\"elementor-widget-wrap elementor-element-populated\">\n\t\t\t\t\t\t<div class=\"elementor-element elementor-element-0106b05 elementor-widget elementor-widget-image\" data-id=\"0106b05\" data-element_type=\"widget\" data-widget_type=\"image.default\">\n\t\t\t\t<div class=\"elementor-widget-container\">\n\t\t\t\t\t\t\t\t\t\t\t\t\t\t\t<img decoding=\"async\" width=\"500\" height=\"396\" src=\"https:\/\/aei.art.br\/aiai\/wp-content\/uploads\/2023\/07\/DCU_Digital_Logo_Official_Navy_Stacked-e1688504601514-500x396.png\" class=\"attachment-medium size-medium wp-image-786\" alt=\"\" srcset=\"https:\/\/aei.art.br\/aiai\/wp-content\/uploads\/2023\/07\/DCU_Digital_Logo_Official_Navy_Stacked-e1688504601514-500x396.png 500w, https:\/\/aei.art.br\/aiai\/wp-content\/uploads\/2023\/07\/DCU_Digital_Logo_Official_Navy_Stacked-e1688504601514-300x237.png 300w, https:\/\/aei.art.br\/aiai\/wp-content\/uploads\/2023\/07\/DCU_Digital_Logo_Official_Navy_Stacked-e1688504601514-768x608.png 768w, https:\/\/aei.art.br\/aiai\/wp-content\/uploads\/2023\/07\/DCU_Digital_Logo_Official_Navy_Stacked-e1688504601514-15x12.png 15w, https:\/\/aei.art.br\/aiai\/wp-content\/uploads\/2023\/07\/DCU_Digital_Logo_Official_Navy_Stacked-e1688504601514-95x75.png 95w, https:\/\/aei.art.br\/aiai\/wp-content\/uploads\/2023\/07\/DCU_Digital_Logo_Official_Navy_Stacked-e1688504601514-480x380.png 480w, https:\/\/aei.art.br\/aiai\/wp-content\/uploads\/2023\/07\/DCU_Digital_Logo_Official_Navy_Stacked-e1688504601514.png 800w\" sizes=\"(max-width:767px) 480px, 500px\" \/>\t\t\t\t\t\t\t\t\t\t\t\t\t\t\t<\/div>\n\t\t\t\t<\/div>\n\t\t\t\t\t<\/div>\n\t\t<\/div>\n\t\t\t\t<div class=\"elementor-column elementor-col-33 elementor-top-column elementor-element elementor-element-b931c4e\" data-id=\"b931c4e\" data-element_type=\"column\">\n\t\t\t<div class=\"elementor-widget-wrap elementor-element-populated\">\n\t\t\t\t\t\t<div class=\"elementor-element elementor-element-9e36984 elementor-widget elementor-widget-image\" data-id=\"9e36984\" data-element_type=\"widget\" data-widget_type=\"image.default\">\n\t\t\t\t<div class=\"elementor-widget-container\">\n\t\t\t\t\t\t\t\t\t\t\t\t\t\t\t<img loading=\"lazy\" decoding=\"async\" width=\"220\" height=\"63\" src=\"https:\/\/aei.art.br\/aiai\/wp-content\/uploads\/2023\/06\/Leeds-Logo_pmsBLACK-Converted-1.png\" class=\"attachment-large size-large wp-image-535\" alt=\"\" srcset=\"https:\/\/aei.art.br\/aiai\/wp-content\/uploads\/2023\/06\/Leeds-Logo_pmsBLACK-Converted-1.png 220w, https:\/\/aei.art.br\/aiai\/wp-content\/uploads\/2023\/06\/Leeds-Logo_pmsBLACK-Converted-1-150x43.png 150w\" sizes=\"(max-width:767px) 220px, 220px\" \/>\t\t\t\t\t\t\t\t\t\t\t\t\t\t\t<\/div>\n\t\t\t\t<\/div>\n\t\t\t\t\t<\/div>\n\t\t<\/div>\n\t\t\t\t\t<\/div>\n\t\t<\/section>\n\t\t\t\t<section class=\"elementor-section elementor-top-section elementor-element elementor-element-b457a89 elementor-section-boxed elementor-section-height-default elementor-section-height-default\" data-id=\"b457a89\" data-element_type=\"section\">\n\t\t\t\t\t\t<div class=\"elementor-container elementor-column-gap-default\">\n\t\t\t\t\t<div class=\"elementor-column elementor-col-100 elementor-top-column elementor-element elementor-element-ead615f\" data-id=\"ead615f\" data-element_type=\"column\">\n\t\t\t<div class=\"elementor-widget-wrap elementor-element-populated\">\n\t\t\t\t\t\t<div class=\"elementor-element elementor-element-bbd9fba elementor-widget elementor-widget-spacer\" data-id=\"bbd9fba\" data-element_type=\"widget\" data-widget_type=\"spacer.default\">\n\t\t\t\t<div class=\"elementor-widget-container\">\n\t\t\t\t\t\t\t<div class=\"elementor-spacer\">\n\t\t\t<div class=\"elementor-spacer-inner\"><\/div>\n\t\t<\/div>\n\t\t\t\t\t\t<\/div>\n\t\t\t\t<\/div>\n\t\t\t\t\t<\/div>\n\t\t<\/div>\n\t\t\t\t\t<\/div>\n\t\t<\/section>\n\t\t\t\t<\/div>\n\t\t","protected":false},"excerpt":{"rendered":"<p>Kadu O projeto gerou uma enorme quantidade de material e muitas discuss\u00f5es realmente perspicazes. Essas discuss\u00f5es giraram em torno da gera\u00e7\u00e3o de imagens com ferramentas de<span class=\"excerpt-hellip\"> [\u2026]<\/span><\/p>\n","protected":false},"author":1,"featured_media":0,"parent":0,"menu_order":0,"comment_status":"open","ping_status":"closed","template":"elementor_header_footer","meta":{"footnotes":""},"class_list":["post-643","page","type-page","status-publish","hentry"],"_links":{"self":[{"href":"https:\/\/aei.art.br\/aiai\/wp-json\/wp\/v2\/pages\/643","targetHints":{"allow":["GET"]}}],"collection":[{"href":"https:\/\/aei.art.br\/aiai\/wp-json\/wp\/v2\/pages"}],"about":[{"href":"https:\/\/aei.art.br\/aiai\/wp-json\/wp\/v2\/types\/page"}],"author":[{"embeddable":true,"href":"https:\/\/aei.art.br\/aiai\/wp-json\/wp\/v2\/users\/1"}],"replies":[{"embeddable":true,"href":"https:\/\/aei.art.br\/aiai\/wp-json\/wp\/v2\/comments?post=643"}],"version-history":[{"count":55,"href":"https:\/\/aei.art.br\/aiai\/wp-json\/wp\/v2\/pages\/643\/revisions"}],"predecessor-version":[{"id":948,"href":"https:\/\/aei.art.br\/aiai\/wp-json\/wp\/v2\/pages\/643\/revisions\/948"}],"wp:attachment":[{"href":"https:\/\/aei.art.br\/aiai\/wp-json\/wp\/v2\/media?parent=643"}],"curies":[{"name":"wp","href":"https:\/\/api.w.org\/{rel}","templated":true}]}}