{"id":643,"date":"2023-06-26T19:59:45","date_gmt":"2023-06-26T19:59:45","guid":{"rendered":"https:\/\/aei.art.br\/aiai\/?page_id=643"},"modified":"2025-11-19T15:14:34","modified_gmt":"2025-11-19T15:14:34","slug":"pesquisa","status":"publish","type":"page","link":"https:\/\/aei.art.br\/aiai\/es\/la-investigacion\/","title":{"rendered":"Pesquisa"},"content":{"rendered":"<div data-elementor-type=\"wp-page\" data-elementor-id=\"643\" class=\"elementor elementor-643\" data-elementor-post-type=\"page\">\n\t\t\t\t\t\t<section class=\"elementor-section elementor-top-section elementor-element elementor-element-36c03be elementor-section-boxed elementor-section-height-default elementor-section-height-default\" data-id=\"36c03be\" data-element_type=\"section\">\n\t\t\t\t\t\t<div class=\"elementor-container elementor-column-gap-default\">\n\t\t\t\t\t<div class=\"elementor-column elementor-col-33 elementor-top-column elementor-element elementor-element-9205ff3\" data-id=\"9205ff3\" data-element_type=\"column\" data-settings=\"{&quot;background_background&quot;:&quot;classic&quot;}\">\n\t\t\t<div class=\"elementor-widget-wrap elementor-element-populated\">\n\t\t\t\t\t\t<div class=\"elementor-element elementor-element-d8c0f02 elementor-widget elementor-widget-image\" data-id=\"d8c0f02\" data-element_type=\"widget\" data-widget_type=\"image.default\">\n\t\t\t\t<div class=\"elementor-widget-container\">\n\t\t\t\t\t\t\t\t\t\t\t\t<figure class=\"wp-caption\">\n\t\t\t\t\t\t\t\t\t\t\t<a href=\"https:\/\/aei.art.br\/aiai\/wp-content\/uploads\/2023\/06\/Kadu.png\" data-elementor-open-lightbox=\"yes\" data-elementor-lightbox-title=\"Kadu\" data-elementor-lightbox-description=\"Prompt: Futuristic style, 16:9; Pernambuco, Brazil, 2050, in the bush, Indigenous Xucuru ritual, 4 humans dance together with 2 dogs and 2 goats, in circle, around a small little fire, during the night. 8k.\" data-e-action-hash=\"#elementor-action%3Aaction%3Dlightbox%26settings%3DeyJpZCI6MzIyLCJ1cmwiOiJodHRwczpcL1wvYWVpLmFydC5iclwvYWlhaVwvd3AtY29udGVudFwvdXBsb2Fkc1wvMjAyM1wvMDZcL0thZHUucG5nIn0%3D\">\n\t\t\t\t\t\t\t<img fetchpriority=\"high\" decoding=\"async\" width=\"1024\" height=\"1024\" src=\"https:\/\/aei.art.br\/aiai\/wp-content\/uploads\/2023\/06\/Kadu.png\" class=\"attachment-large size-large wp-image-322\" alt=\"\" srcset=\"https:\/\/aei.art.br\/aiai\/wp-content\/uploads\/2023\/06\/Kadu.png 1024w, https:\/\/aei.art.br\/aiai\/wp-content\/uploads\/2023\/06\/Kadu-500x500.png 500w, https:\/\/aei.art.br\/aiai\/wp-content\/uploads\/2023\/06\/Kadu-300x300.png 300w, https:\/\/aei.art.br\/aiai\/wp-content\/uploads\/2023\/06\/Kadu-768x768.png 768w, https:\/\/aei.art.br\/aiai\/wp-content\/uploads\/2023\/06\/Kadu-150x150.png 150w, https:\/\/aei.art.br\/aiai\/wp-content\/uploads\/2023\/06\/Kadu-75x75.png 75w, https:\/\/aei.art.br\/aiai\/wp-content\/uploads\/2023\/06\/Kadu-480x480.png 480w\" sizes=\"(max-width:767px) 480px, (max-width:1024px) 100vw, 1024px\" \/>\t\t\t\t\t\t\t\t<\/a>\n\t\t\t\t\t\t\t\t\t\t\t<figcaption class=\"widget-image-caption wp-caption-text\">Kadu<\/figcaption>\n\t\t\t\t\t\t\t\t\t\t<\/figure>\n\t\t\t\t\t\t\t\t\t<\/div>\n\t\t\t\t<\/div>\n\t\t\t\t\t<\/div>\n\t\t<\/div>\n\t\t\t\t<div class=\"elementor-column elementor-col-66 elementor-top-column elementor-element elementor-element-fd3b8af\" data-id=\"fd3b8af\" data-element_type=\"column\">\n\t\t\t<div class=\"elementor-widget-wrap elementor-element-populated\">\n\t\t\t\t\t\t<div class=\"elementor-element elementor-element-3b95472 elementor-widget elementor-widget-text-editor\" data-id=\"3b95472\" data-element_type=\"widget\" data-widget_type=\"text-editor.default\">\n\t\t\t\t<div class=\"elementor-widget-container\">\n\t\t\t\t\t\t\t\t\t<p><span style=\"font-weight: 400;\">El proyecto gener\u00f3 una enorme cantidad de material y un mont\u00f3n de debates realmente esclarecedores. Estas discusiones giraron en torno a la generaci\u00f3n de im\u00e1genes con herramientas de IA, las limitaciones a la representaci\u00f3n ind\u00edgena causadas por la procedencia de los datos en los que se ha entrenado MidJourney y las limitaciones \u201cde sistema\u201d a la representaci\u00f3n impuestas por los desarrolladores (por ejemplo, con respecto a la desnudez), as\u00ed como en torno a las cosmovisiones, est\u00e9ticas y formas de imaginar el futuro ind\u00edgenas.<\/span><\/p><p><span style=\"font-weight: 400;\">Aunque nos divertimos jugando con MidJourney y viendo lo que pod\u00eda hacer, muchos participantes no quedaron totalmente satisfechos con las im\u00e1genes de los pueblos ind\u00edgenas y las escenas de la vida ind\u00edgena generadas por MidJourney. En particular, notamos que al utilizar un prompt que no especificaba el t\u00e9rmino \u201cind\u00edgena\u201d, una etnia espec\u00edfica y\/o una regi\u00f3n relacionada, junto con su topograf\u00eda, flora y fauna, la configuraci\u00f3n predeterminada rend\u00eda cuerpos blancos, biomas y paisajes europeos o norteamericanos, y una est\u00e9tica de pintura europea o de c\u00f3mic tipo manga. Sin embargo, cuando se agreg\u00f3 el adjetivo \u201cind\u00edgena\u201d, el algoritmo de la herramienta funcion\u00f3 de tal manera que nuestros intentos de generar im\u00e1genes futuristas que mostraran a ind\u00edgenas interactuando con objetos de alta tecnolog\u00eda siempre acabaron representando a los ind\u00edgenas y sus estilos de vida como muy vinculados a la tradici\u00f3n, eliminando as\u00ed las referencias a celulares, sat\u00e9lites etc\u00e9tera.<\/span><\/p><p class=\"translation-block\">Incluso despu\u00e9s de que se hicieran m\u00e1s ajustes a los prompts para provocar que se alejaran de las tendencias representativas predeterminadas de MidJourney y su visi\u00f3n colonialista de los pueblos ind\u00edgenas, muchos a\u00fan argumentaron, como lo hizo Tadeu cuando buscaba generar im\u00e1genes del pueblo Kaingang, que \u201c\u00a1Estos no son mis parientes!\u201d. Loreto qued\u00f3 particularmente decepcionada por los resultados \u201cblanqu\u00edsimos\u201d, patriarcales e individualistas que nos devolvi\u00f3 su prompt. Y aunque la mayor\u00eda expres\u00f3 felicidad general con los resultados en relaci\u00f3n a lo que hab\u00edan imaginado y no se desanim\u00f3 por las deficiencias en la representaci\u00f3n de los pueblos y culturas ind\u00edgenas, solo Aymar encontr\u00f3 que la imagen que gener\u00f3 de un \u201cantiguo abuelo Aymara caminando por sus tierras junto al Lago Titicaca\u201d se parec\u00eda mucho a su propio abuelo.<\/p><p><span style=\"font-weight: 400;\">Si bien lo anterior dif\u00edcilmente constituye una prueba cient\u00edfica de la existencia de prejuicios en la forma en que funciona MidJourney y podr\u00eda decirse que nuestra forma de trabajar depend\u00eda demasiado del azar, con muchas variables en juego en cualquier momento dado, da una idea de algunos de los problemas que se pueden encontrar con la representaci\u00f3n de la indigeneidad hecha por los generadores de im\u00e1genes AI que existen hasta ahora y fomenta el pensamiento cr\u00edtico en relaci\u00f3n con su uso.\u00a0<\/span><\/p><p>\u00a0<\/p>\t\t\t\t\t\t\t\t<\/div>\n\t\t\t\t<\/div>\n\t\t\t\t\t<\/div>\n\t\t<\/div>\n\t\t\t\t\t<\/div>\n\t\t<\/section>\n\t\t\t\t<section class=\"elementor-section elementor-top-section elementor-element elementor-element-e3b22fe elementor-section-boxed elementor-section-height-default elementor-section-height-default\" data-id=\"e3b22fe\" data-element_type=\"section\">\n\t\t\t\t\t\t<div class=\"elementor-container elementor-column-gap-default\">\n\t\t\t\t\t<div class=\"elementor-column elementor-col-100 elementor-top-column elementor-element elementor-element-fcd4204\" data-id=\"fcd4204\" data-element_type=\"column\">\n\t\t\t<div class=\"elementor-widget-wrap elementor-element-populated\">\n\t\t\t\t\t\t<div class=\"elementor-element elementor-element-1628b98 elementor-widget elementor-widget-spacer\" data-id=\"1628b98\" data-element_type=\"widget\" data-widget_type=\"spacer.default\">\n\t\t\t\t<div class=\"elementor-widget-container\">\n\t\t\t\t\t\t\t<div class=\"elementor-spacer\">\n\t\t\t<div class=\"elementor-spacer-inner\"><\/div>\n\t\t<\/div>\n\t\t\t\t\t\t<\/div>\n\t\t\t\t<\/div>\n\t\t\t\t\t<\/div>\n\t\t<\/div>\n\t\t\t\t\t<\/div>\n\t\t<\/section>\n\t\t\t\t<section class=\"elementor-section elementor-top-section elementor-element elementor-element-e8de8ea elementor-section-boxed elementor-section-height-default elementor-section-height-default\" data-id=\"e8de8ea\" data-element_type=\"section\">\n\t\t\t\t\t\t<div class=\"elementor-container elementor-column-gap-default\">\n\t\t\t\t\t<div class=\"elementor-column elementor-col-100 elementor-top-column elementor-element elementor-element-b457e31\" data-id=\"b457e31\" data-element_type=\"column\">\n\t\t\t<div class=\"elementor-widget-wrap elementor-element-populated\">\n\t\t\t\t\t\t<div class=\"elementor-element elementor-element-d020651 elementor-widget elementor-widget-heading\" data-id=\"d020651\" data-element_type=\"widget\" data-widget_type=\"heading.default\">\n\t\t\t\t<div class=\"elementor-widget-container\">\n\t\t\t\t\t<h4 class=\"elementor-heading-title elementor-size-default\">REFLEXIONES<\/h4>\t\t\t\t<\/div>\n\t\t\t\t<\/div>\n\t\t\t\t<div class=\"elementor-element elementor-element-81a35d1 elementor-widget elementor-widget-spacer\" data-id=\"81a35d1\" data-element_type=\"widget\" data-widget_type=\"spacer.default\">\n\t\t\t\t<div class=\"elementor-widget-container\">\n\t\t\t\t\t\t\t<div class=\"elementor-spacer\">\n\t\t\t<div class=\"elementor-spacer-inner\"><\/div>\n\t\t<\/div>\n\t\t\t\t\t\t<\/div>\n\t\t\t\t<\/div>\n\t\t\t\t\t<\/div>\n\t\t<\/div>\n\t\t\t\t\t<\/div>\n\t\t<\/section>\n\t\t\t\t<section class=\"elementor-section elementor-top-section elementor-element elementor-element-f2abe8c elementor-section-boxed elementor-section-height-default elementor-section-height-default\" data-id=\"f2abe8c\" data-element_type=\"section\">\n\t\t\t\t\t\t<div class=\"elementor-container elementor-column-gap-default\">\n\t\t\t\t\t<div class=\"elementor-column elementor-col-100 elementor-top-column elementor-element elementor-element-3f55151\" data-id=\"3f55151\" data-element_type=\"column\">\n\t\t\t<div class=\"elementor-widget-wrap elementor-element-populated\">\n\t\t\t\t\t\t<div class=\"elementor-element elementor-element-7247137 elementor-widget__width-initial elementor-widget elementor-widget-mfn_testimonials_list\" data-id=\"7247137\" data-element_type=\"widget\" data-widget_type=\"mfn_testimonials_list.default\">\n\t\t\t\t<div class=\"elementor-widget-container\">\n\t\t\t\t\t<div class=\"testimonials_list\"><div class=\"item no-img\"><div class=\"desc\"><h4 class=\"title\">Nhenety Kariri-Xoc\u00f3<\/h4><p class=\"subtitle\"><\/p><hr class=\"hr_color\" \/><div class=\"blockquote\"><span class=\"mfn-blockquote-icon\"><i class=\"icon-quote\" aria-hidden=\"true\"><\/i><\/span><blockquote>\u201cEstoy convencido de que existen buenas posibilidades de colaboraci\u00f3n entre la Inteligencia Natural y la Inteligencia Artificial, en la capacidad de conectar la informaci\u00f3n disponible en la Inteligencia Natural con la Inteligencia Artificial. La Inteligencia Natural es todo lo que aprendemos por conexiones a trav\u00e9s de nuestra experiencia en forma f\u00edsica, local, directa; el concepto de la Inteligencia Artificial todav\u00eda est\u00e1 form\u00e1ndose, pero son conexiones virtuales, electr\u00f3nicas lo que tenemos con la IA.\u201d<\/blockquote><\/div><\/div><\/div>\n<div class=\"item no-img\"><div class=\"desc\"><h4 class=\"title\">Horacio Montes de Oca Ayala<\/h4><p class=\"subtitle\"><\/p><hr class=\"hr_color\" \/><div class=\"blockquote\"><span class=\"mfn-blockquote-icon\"><i class=\"icon-quote\" aria-hidden=\"true\"><\/i><\/span><blockquote><span style=\"font-weight: 400;\">\u201cEste acercamiento a la IA desde el \u00e1mbito de las artes visuales fue una experiencia de aprendizaje y de comprensi\u00f3n de la manera en que la IA procesa la informaci\u00f3n, de su l\u00f3gica de composici\u00f3n y tambi\u00e9n de sus prejuicios. Me llama la atenci\u00f3n la capacidad casi instant\u00e1nea de producir y componer im\u00e1genes combinando conceptos dif\u00edciles de aglutinar como el futuro, lo ind\u00edgena, la naturaleza y el hombre. Facilidad que tambi\u00e9n desconcierta porque nos expresa un s\u00edntoma de nuestra \u00e9poca, me refiero a la alta capacidad de creaci\u00f3n de im\u00e1genes o componer m\u00fasica o literatura casi instant\u00e1nea pero carente de reflexi\u00f3n previa, sin investigaci\u00f3n que sustente las creaciones, en fin, obras sin esp\u00edritu, obras vac\u00edas y sin contenido.\u201d<\/span><\/blockquote><\/div><\/div><\/div>\n<\/div>\n\t\t\t\t<\/div>\n\t\t\t\t<\/div>\n\t\t\t\t\t<\/div>\n\t\t<\/div>\n\t\t\t\t\t<\/div>\n\t\t<\/section>\n\t\t\t\t<section class=\"elementor-section elementor-top-section elementor-element elementor-element-4803056 elementor-section-boxed elementor-section-height-default elementor-section-height-default\" data-id=\"4803056\" data-element_type=\"section\">\n\t\t\t\t\t\t<div class=\"elementor-container elementor-column-gap-default\">\n\t\t\t\t\t<div class=\"elementor-column elementor-col-100 elementor-top-column elementor-element elementor-element-68a233e\" data-id=\"68a233e\" data-element_type=\"column\">\n\t\t\t<div class=\"elementor-widget-wrap elementor-element-populated\">\n\t\t\t\t\t\t<div class=\"elementor-element elementor-element-c65865c elementor-widget__width-initial elementor-widget elementor-widget-text-editor\" data-id=\"c65865c\" data-element_type=\"widget\" data-widget_type=\"text-editor.default\">\n\t\t\t\t<div class=\"elementor-widget-container\">\n\t\t\t\t\t\t\t\t\t<p class=\"translation-block\">Un libro colectivo sobre el proyecto titulado Inteligencia artificial, arte e indigeneidad: entre sue\u00f1os y alucinaciones ser\u00e1 publicado por la University of London Press en 2026.<\/p>\t\t\t\t\t\t\t\t<\/div>\n\t\t\t\t<\/div>\n\t\t\t\t<div class=\"elementor-element elementor-element-5f67198 elementor-widget elementor-widget-spacer\" data-id=\"5f67198\" data-element_type=\"widget\" data-widget_type=\"spacer.default\">\n\t\t\t\t<div class=\"elementor-widget-container\">\n\t\t\t\t\t\t\t<div class=\"elementor-spacer\">\n\t\t\t<div class=\"elementor-spacer-inner\"><\/div>\n\t\t<\/div>\n\t\t\t\t\t\t<\/div>\n\t\t\t\t<\/div>\n\t\t\t\t\t<\/div>\n\t\t<\/div>\n\t\t\t\t\t<\/div>\n\t\t<\/section>\n\t\t\t\t<section class=\"elementor-section elementor-top-section elementor-element elementor-element-c228f68 elementor-section-boxed elementor-section-height-default elementor-section-height-default\" data-id=\"c228f68\" data-element_type=\"section\">\n\t\t\t\t\t\t<div class=\"elementor-container elementor-column-gap-default\">\n\t\t\t\t\t<div class=\"elementor-column elementor-col-33 elementor-top-column elementor-element elementor-element-d2a9d32\" data-id=\"d2a9d32\" data-element_type=\"column\">\n\t\t\t<div class=\"elementor-widget-wrap elementor-element-populated\">\n\t\t\t\t\t\t<div class=\"elementor-element elementor-element-e5da5de elementor-widget elementor-widget-image\" data-id=\"e5da5de\" data-element_type=\"widget\" data-widget_type=\"image.default\">\n\t\t\t\t<div class=\"elementor-widget-container\">\n\t\t\t\t\t\t\t\t\t\t\t\t\t\t\t<img decoding=\"async\" width=\"220\" height=\"63\" src=\"https:\/\/aei.art.br\/aiai\/wp-content\/uploads\/2023\/06\/logo-thydewa-2018.png\" class=\"attachment-large size-large wp-image-534\" alt=\"\" srcset=\"https:\/\/aei.art.br\/aiai\/wp-content\/uploads\/2023\/06\/logo-thydewa-2018.png 220w, https:\/\/aei.art.br\/aiai\/wp-content\/uploads\/2023\/06\/logo-thydewa-2018-150x43.png 150w\" sizes=\"(max-width:767px) 220px, 220px\" \/>\t\t\t\t\t\t\t\t\t\t\t\t\t\t\t<\/div>\n\t\t\t\t<\/div>\n\t\t\t\t\t<\/div>\n\t\t<\/div>\n\t\t\t\t<div class=\"elementor-column elementor-col-33 elementor-top-column elementor-element elementor-element-cc97f3f\" data-id=\"cc97f3f\" data-element_type=\"column\">\n\t\t\t<div class=\"elementor-widget-wrap elementor-element-populated\">\n\t\t\t\t\t\t<div class=\"elementor-element elementor-element-0106b05 elementor-widget elementor-widget-image\" data-id=\"0106b05\" data-element_type=\"widget\" data-widget_type=\"image.default\">\n\t\t\t\t<div class=\"elementor-widget-container\">\n\t\t\t\t\t\t\t\t\t\t\t\t\t\t\t<img decoding=\"async\" width=\"500\" height=\"396\" src=\"https:\/\/aei.art.br\/aiai\/wp-content\/uploads\/2023\/07\/DCU_Digital_Logo_Official_Navy_Stacked-e1688504601514-500x396.png\" class=\"attachment-medium size-medium wp-image-786\" alt=\"\" srcset=\"https:\/\/aei.art.br\/aiai\/wp-content\/uploads\/2023\/07\/DCU_Digital_Logo_Official_Navy_Stacked-e1688504601514-500x396.png 500w, https:\/\/aei.art.br\/aiai\/wp-content\/uploads\/2023\/07\/DCU_Digital_Logo_Official_Navy_Stacked-e1688504601514-300x237.png 300w, https:\/\/aei.art.br\/aiai\/wp-content\/uploads\/2023\/07\/DCU_Digital_Logo_Official_Navy_Stacked-e1688504601514-768x608.png 768w, https:\/\/aei.art.br\/aiai\/wp-content\/uploads\/2023\/07\/DCU_Digital_Logo_Official_Navy_Stacked-e1688504601514-15x12.png 15w, https:\/\/aei.art.br\/aiai\/wp-content\/uploads\/2023\/07\/DCU_Digital_Logo_Official_Navy_Stacked-e1688504601514-95x75.png 95w, https:\/\/aei.art.br\/aiai\/wp-content\/uploads\/2023\/07\/DCU_Digital_Logo_Official_Navy_Stacked-e1688504601514-480x380.png 480w, https:\/\/aei.art.br\/aiai\/wp-content\/uploads\/2023\/07\/DCU_Digital_Logo_Official_Navy_Stacked-e1688504601514.png 800w\" sizes=\"(max-width:767px) 480px, 500px\" \/>\t\t\t\t\t\t\t\t\t\t\t\t\t\t\t<\/div>\n\t\t\t\t<\/div>\n\t\t\t\t\t<\/div>\n\t\t<\/div>\n\t\t\t\t<div class=\"elementor-column elementor-col-33 elementor-top-column elementor-element elementor-element-b931c4e\" data-id=\"b931c4e\" data-element_type=\"column\">\n\t\t\t<div class=\"elementor-widget-wrap elementor-element-populated\">\n\t\t\t\t\t\t<div class=\"elementor-element elementor-element-9e36984 elementor-widget elementor-widget-image\" data-id=\"9e36984\" data-element_type=\"widget\" data-widget_type=\"image.default\">\n\t\t\t\t<div class=\"elementor-widget-container\">\n\t\t\t\t\t\t\t\t\t\t\t\t\t\t\t<img loading=\"lazy\" decoding=\"async\" width=\"220\" height=\"63\" src=\"https:\/\/aei.art.br\/aiai\/wp-content\/uploads\/2023\/06\/Leeds-Logo_pmsBLACK-Converted-1.png\" class=\"attachment-large size-large wp-image-535\" alt=\"\" srcset=\"https:\/\/aei.art.br\/aiai\/wp-content\/uploads\/2023\/06\/Leeds-Logo_pmsBLACK-Converted-1.png 220w, https:\/\/aei.art.br\/aiai\/wp-content\/uploads\/2023\/06\/Leeds-Logo_pmsBLACK-Converted-1-150x43.png 150w\" sizes=\"(max-width:767px) 220px, 220px\" \/>\t\t\t\t\t\t\t\t\t\t\t\t\t\t\t<\/div>\n\t\t\t\t<\/div>\n\t\t\t\t\t<\/div>\n\t\t<\/div>\n\t\t\t\t\t<\/div>\n\t\t<\/section>\n\t\t\t\t<section class=\"elementor-section elementor-top-section elementor-element elementor-element-b457a89 elementor-section-boxed elementor-section-height-default elementor-section-height-default\" data-id=\"b457a89\" data-element_type=\"section\">\n\t\t\t\t\t\t<div class=\"elementor-container elementor-column-gap-default\">\n\t\t\t\t\t<div class=\"elementor-column elementor-col-100 elementor-top-column elementor-element elementor-element-ead615f\" data-id=\"ead615f\" data-element_type=\"column\">\n\t\t\t<div class=\"elementor-widget-wrap elementor-element-populated\">\n\t\t\t\t\t\t<div class=\"elementor-element elementor-element-bbd9fba elementor-widget elementor-widget-spacer\" data-id=\"bbd9fba\" data-element_type=\"widget\" data-widget_type=\"spacer.default\">\n\t\t\t\t<div class=\"elementor-widget-container\">\n\t\t\t\t\t\t\t<div class=\"elementor-spacer\">\n\t\t\t<div class=\"elementor-spacer-inner\"><\/div>\n\t\t<\/div>\n\t\t\t\t\t\t<\/div>\n\t\t\t\t<\/div>\n\t\t\t\t\t<\/div>\n\t\t<\/div>\n\t\t\t\t\t<\/div>\n\t\t<\/section>\n\t\t\t\t<\/div>","protected":false},"excerpt":{"rendered":"<p>Kadu O projeto gerou uma enorme quantidade de material e muitas discuss\u00f5es realmente perspicazes. Essas discuss\u00f5es giraram em torno da gera\u00e7\u00e3o de imagens com ferramentas de<span class=\"excerpt-hellip\"> [\u2026]<\/span><\/p>","protected":false},"author":1,"featured_media":0,"parent":0,"menu_order":0,"comment_status":"open","ping_status":"closed","template":"elementor_header_footer","meta":{"footnotes":""},"class_list":["post-643","page","type-page","status-publish","hentry"],"_links":{"self":[{"href":"https:\/\/aei.art.br\/aiai\/es\/wp-json\/wp\/v2\/pages\/643","targetHints":{"allow":["GET"]}}],"collection":[{"href":"https:\/\/aei.art.br\/aiai\/es\/wp-json\/wp\/v2\/pages"}],"about":[{"href":"https:\/\/aei.art.br\/aiai\/es\/wp-json\/wp\/v2\/types\/page"}],"author":[{"embeddable":true,"href":"https:\/\/aei.art.br\/aiai\/es\/wp-json\/wp\/v2\/users\/1"}],"replies":[{"embeddable":true,"href":"https:\/\/aei.art.br\/aiai\/es\/wp-json\/wp\/v2\/comments?post=643"}],"version-history":[{"count":55,"href":"https:\/\/aei.art.br\/aiai\/es\/wp-json\/wp\/v2\/pages\/643\/revisions"}],"predecessor-version":[{"id":948,"href":"https:\/\/aei.art.br\/aiai\/es\/wp-json\/wp\/v2\/pages\/643\/revisions\/948"}],"wp:attachment":[{"href":"https:\/\/aei.art.br\/aiai\/es\/wp-json\/wp\/v2\/media?parent=643"}],"curies":[{"name":"wp","href":"https:\/\/api.w.org\/{rel}","templated":true}]}}