{"id":6,"date":"2020-05-25T09:00:16","date_gmt":"2020-05-25T09:00:16","guid":{"rendered":"https:\/\/aei.art.br\/aiai\/?page_id=6"},"modified":"2025-11-21T13:11:29","modified_gmt":"2025-11-21T13:11:29","slug":"home","status":"publish","type":"page","link":"https:\/\/aei.art.br\/aiai\/es\/","title":{"rendered":"Home"},"content":{"rendered":"<div data-elementor-type=\"wp-page\" data-elementor-id=\"6\" class=\"elementor elementor-6\" data-elementor-post-type=\"page\">\n\t\t\t\t\t\t<section class=\"elementor-section elementor-top-section elementor-element elementor-element-9b6bc8a elementor-section-stretched elementor-section-content-middle elementor-section-boxed elementor-section-height-default elementor-section-height-default\" data-id=\"9b6bc8a\" data-element_type=\"section\" data-settings=\"{&quot;stretch_section&quot;:&quot;section-stretched&quot;,&quot;background_background&quot;:&quot;classic&quot;}\">\n\t\t\t\t\t\t<div class=\"elementor-container elementor-column-gap-wider\">\n\t\t\t\t\t<div class=\"elementor-column elementor-col-50 elementor-top-column elementor-element elementor-element-ad6b1d1 animated-fast elementor-invisible\" data-id=\"ad6b1d1\" data-element_type=\"column\" data-settings=\"{&quot;animation&quot;:&quot;fadeInUp&quot;,&quot;background_background&quot;:&quot;slideshow&quot;,&quot;background_slideshow_gallery&quot;:[{&quot;id&quot;:318,&quot;url&quot;:&quot;https:\\\/\\\/aei.art.br\\\/aiai\\\/wp-content\\\/uploads\\\/2023\\\/06\\\/Hangorroy.png&quot;},{&quot;id&quot;:328,&quot;url&quot;:&quot;https:\\\/\\\/aei.art.br\\\/aiai\\\/wp-content\\\/uploads\\\/2023\\\/06\\\/Nhenety.png&quot;},{&quot;id&quot;:314,&quot;url&quot;:&quot;https:\\\/\\\/aei.art.br\\\/aiai\\\/wp-content\\\/uploads\\\/2023\\\/06\\\/Aymar.png&quot;},{&quot;id&quot;:319,&quot;url&quot;:&quot;https:\\\/\\\/aei.art.br\\\/aiai\\\/wp-content\\\/uploads\\\/2023\\\/06\\\/Haylly.png&quot;},{&quot;id&quot;:321,&quot;url&quot;:&quot;https:\\\/\\\/aei.art.br\\\/aiai\\\/wp-content\\\/uploads\\\/2023\\\/06\\\/Horacio.png&quot;},{&quot;id&quot;:322,&quot;url&quot;:&quot;https:\\\/\\\/aei.art.br\\\/aiai\\\/wp-content\\\/uploads\\\/2023\\\/06\\\/Kadu.png&quot;},{&quot;id&quot;:323,&quot;url&quot;:&quot;https:\\\/\\\/aei.art.br\\\/aiai\\\/wp-content\\\/uploads\\\/2023\\\/06\\\/Kuenan.png&quot;},{&quot;id&quot;:324,&quot;url&quot;:&quot;https:\\\/\\\/aei.art.br\\\/aiai\\\/wp-content\\\/uploads\\\/2023\\\/06\\\/Loreto.png&quot;},{&quot;id&quot;:325,&quot;url&quot;:&quot;https:\\\/\\\/aei.art.br\\\/aiai\\\/wp-content\\\/uploads\\\/2023\\\/06\\\/Lucio.png&quot;},{&quot;id&quot;:327,&quot;url&quot;:&quot;https:\\\/\\\/aei.art.br\\\/aiai\\\/wp-content\\\/uploads\\\/2023\\\/06\\\/Mariela.png&quot;},{&quot;id&quot;:329,&quot;url&quot;:&quot;https:\\\/\\\/aei.art.br\\\/aiai\\\/wp-content\\\/uploads\\\/2023\\\/06\\\/Osvaldo.png&quot;},{&quot;id&quot;:330,&quot;url&quot;:&quot;https:\\\/\\\/aei.art.br\\\/aiai\\\/wp-content\\\/uploads\\\/2023\\\/06\\\/Tadeu.png&quot;},{&quot;id&quot;:331,&quot;url&quot;:&quot;https:\\\/\\\/aei.art.br\\\/aiai\\\/wp-content\\\/uploads\\\/2023\\\/06\\\/Wera-Moru.png&quot;},{&quot;id&quot;:332,&quot;url&quot;:&quot;https:\\\/\\\/aei.art.br\\\/aiai\\\/wp-content\\\/uploads\\\/2023\\\/06\\\/Azul-1.png&quot;},{&quot;id&quot;:333,&quot;url&quot;:&quot;https:\\\/\\\/aei.art.br\\\/aiai\\\/wp-content\\\/uploads\\\/2023\\\/06\\\/Hemerson-1.png&quot;},{&quot;id&quot;:335,&quot;url&quot;:&quot;https:\\\/\\\/aei.art.br\\\/aiai\\\/wp-content\\\/uploads\\\/2023\\\/06\\\/Luz-1.png&quot;}],&quot;background_slideshow_ken_burns&quot;:&quot;yes&quot;,&quot;background_slideshow_ken_burns_zoom_direction&quot;:&quot;out&quot;,&quot;background_slideshow_loop&quot;:&quot;yes&quot;,&quot;background_slideshow_slide_duration&quot;:5000,&quot;background_slideshow_slide_transition&quot;:&quot;fade&quot;,&quot;background_slideshow_transition_duration&quot;:500}\">\n\t\t\t<div class=\"elementor-widget-wrap elementor-element-populated\">\n\t\t\t\t\t\t<div class=\"elementor-element elementor-element-583a42a elementor-widget elementor-widget-spacer\" data-id=\"583a42a\" data-element_type=\"widget\" data-widget_type=\"spacer.default\">\n\t\t\t\t<div class=\"elementor-widget-container\">\n\t\t\t\t\t\t\t<div class=\"elementor-spacer\">\n\t\t\t<div class=\"elementor-spacer-inner\"><\/div>\n\t\t<\/div>\n\t\t\t\t\t\t<\/div>\n\t\t\t\t<\/div>\n\t\t\t\t\t<\/div>\n\t\t<\/div>\n\t\t\t\t<div class=\"elementor-column elementor-col-50 elementor-top-column elementor-element elementor-element-0bf8ea7\" data-id=\"0bf8ea7\" data-element_type=\"column\">\n\t\t\t<div class=\"elementor-widget-wrap elementor-element-populated\">\n\t\t\t\t\t\t<div class=\"elementor-element elementor-element-1e89e99 elementor-widget__width-inherit elementor-widget elementor-widget-text-editor\" data-id=\"1e89e99\" data-element_type=\"widget\" data-widget_type=\"text-editor.default\">\n\t\t\t\t<div class=\"elementor-widget-container\">\n\t\t\t\t\t\t\t\t\t<h3><b>IA\/AI: Inteligencia Artificial, Arte e Indigeneidad<\/b><\/h3><p><span style=\"font-weight: 400;\">El arte creado con herramientas de Inteligencia Artificial es un tema muy candente en este momento. Algunas personas est\u00e1n horrorizadas por lo que pueden hacer estas herramientas, otras ven aplicaciones fascinantes y mucho potencial. Pero las herramientas de IA que hacen arte son solamente tan buenas como las personas que las dise\u00f1an y las im\u00e1genes con las que se entrenan. Y ah\u00ed es donde el prejuicio puede colarse.<\/span><\/p><p class=\"translation-block\">En 2023, el proyecto IAAI prob\u00f3 una de estas herramientas, MidJourney, para ver qu\u00e9 tan bien representaba a pueblos y culturas ind\u00edgenas. Organizamos una serie de grupos focales en l\u00ednea con un grupo de 17 participantes ind\u00edgenas, entre ellos artistas, escritores, pensadores y l\u00edderes en sus comunidades. En estas reuniones generamos \u201cprompts\u201d (descripciones de im\u00e1genes) pidiendo a los participantes que imaginaran una escena de la vida comunitaria en el a\u00f1o 2050, aunque esto fue interpretado con bastante flexibilidad, tanto por los participantes como por MidJourney. Luego generamos im\u00e1genes con los prompts y dedicamos tiempo a discutir los resultados desde una perspectiva ind\u00edgena.<\/p>\t\t\t\t\t\t\t\t<\/div>\n\t\t\t\t<\/div>\n\t\t\t\t<div class=\"elementor-element elementor-element-98dd5fc elementor-align-left elementor-widget__width-auto elementor-widget elementor-widget-button\" data-id=\"98dd5fc\" data-element_type=\"widget\" data-widget_type=\"button.default\">\n\t\t\t\t<div class=\"elementor-widget-container\">\n\t\t\t\t\t\t\t\t\t<div class=\"elementor-button-wrapper\">\n\t\t\t\t\t<a class=\"elementor-button elementor-button-link elementor-size-sm\" href=\"https:\/\/aei.art.br\/aiai\/es\/equipo\/\">\n\t\t\t\t\t\t<span class=\"elementor-button-content-wrapper\">\n\t\t\t\t\t\t\t\t\t<span class=\"elementor-button-text\">+ INFO<\/span>\n\t\t\t\t\t<\/span>\n\t\t\t\t\t<\/a>\n\t\t\t\t<\/div>\n\t\t\t\t\t\t\t\t<\/div>\n\t\t\t\t<\/div>\n\t\t\t\t\t<\/div>\n\t\t<\/div>\n\t\t\t\t\t<\/div>\n\t\t<\/section>\n\t\t\t\t<section class=\"elementor-section elementor-top-section elementor-element elementor-element-5c4e53d elementor-section-boxed elementor-section-height-default elementor-section-height-default\" data-id=\"5c4e53d\" data-element_type=\"section\">\n\t\t\t\t\t\t<div class=\"elementor-container elementor-column-gap-default\">\n\t\t\t\t\t<div class=\"elementor-column elementor-col-100 elementor-top-column elementor-element elementor-element-cffd095\" data-id=\"cffd095\" data-element_type=\"column\">\n\t\t\t<div class=\"elementor-widget-wrap elementor-element-populated\">\n\t\t\t\t\t\t<div class=\"elementor-element elementor-element-ff2d26c elementor-widget elementor-widget-spacer\" data-id=\"ff2d26c\" data-element_type=\"widget\" data-widget_type=\"spacer.default\">\n\t\t\t\t<div class=\"elementor-widget-container\">\n\t\t\t\t\t\t\t<div class=\"elementor-spacer\">\n\t\t\t<div class=\"elementor-spacer-inner\"><\/div>\n\t\t<\/div>\n\t\t\t\t\t\t<\/div>\n\t\t\t\t<\/div>\n\t\t\t\t\t<\/div>\n\t\t<\/div>\n\t\t\t\t\t<\/div>\n\t\t<\/section>\n\t\t\t\t<section class=\"elementor-section elementor-top-section elementor-element elementor-element-04aa62a elementor-section-boxed elementor-section-height-default elementor-section-height-default\" data-id=\"04aa62a\" data-element_type=\"section\">\n\t\t\t\t\t\t<div class=\"elementor-container elementor-column-gap-default\">\n\t\t\t\t\t<div class=\"elementor-column elementor-col-33 elementor-top-column elementor-element elementor-element-d3f10e8\" data-id=\"d3f10e8\" data-element_type=\"column\">\n\t\t\t<div class=\"elementor-widget-wrap elementor-element-populated\">\n\t\t\t\t\t\t<div class=\"elementor-element elementor-element-58d7f9a elementor-widget elementor-widget-image\" data-id=\"58d7f9a\" data-element_type=\"widget\" data-widget_type=\"image.default\">\n\t\t\t\t<div class=\"elementor-widget-container\">\n\t\t\t\t\t\t\t\t\t\t\t\t\t\t\t<img decoding=\"async\" width=\"220\" height=\"63\" src=\"https:\/\/aei.art.br\/aiai\/wp-content\/uploads\/2023\/06\/logo-thydewa-2018.png\" class=\"attachment-large size-large wp-image-534\" alt=\"\" srcset=\"https:\/\/aei.art.br\/aiai\/wp-content\/uploads\/2023\/06\/logo-thydewa-2018.png 220w, https:\/\/aei.art.br\/aiai\/wp-content\/uploads\/2023\/06\/logo-thydewa-2018-150x43.png 150w\" sizes=\"(max-width:767px) 220px, 220px\" \/>\t\t\t\t\t\t\t\t\t\t\t\t\t\t\t<\/div>\n\t\t\t\t<\/div>\n\t\t\t\t\t<\/div>\n\t\t<\/div>\n\t\t\t\t<div class=\"elementor-column elementor-col-33 elementor-top-column elementor-element elementor-element-42b8de0\" data-id=\"42b8de0\" data-element_type=\"column\">\n\t\t\t<div class=\"elementor-widget-wrap elementor-element-populated\">\n\t\t\t\t\t\t<div class=\"elementor-element elementor-element-c3c8f8f elementor-widget elementor-widget-image\" data-id=\"c3c8f8f\" data-element_type=\"widget\" data-widget_type=\"image.default\">\n\t\t\t\t<div class=\"elementor-widget-container\">\n\t\t\t\t\t\t\t\t\t\t\t\t\t\t\t<img fetchpriority=\"high\" decoding=\"async\" width=\"500\" height=\"396\" src=\"https:\/\/aei.art.br\/aiai\/wp-content\/uploads\/2023\/07\/DCU_Digital_Logo_Official_Navy_Stacked-e1688504601514-500x396.png\" class=\"attachment-medium size-medium wp-image-786\" alt=\"\" srcset=\"https:\/\/aei.art.br\/aiai\/wp-content\/uploads\/2023\/07\/DCU_Digital_Logo_Official_Navy_Stacked-e1688504601514-500x396.png 500w, https:\/\/aei.art.br\/aiai\/wp-content\/uploads\/2023\/07\/DCU_Digital_Logo_Official_Navy_Stacked-e1688504601514-300x237.png 300w, https:\/\/aei.art.br\/aiai\/wp-content\/uploads\/2023\/07\/DCU_Digital_Logo_Official_Navy_Stacked-e1688504601514-768x608.png 768w, https:\/\/aei.art.br\/aiai\/wp-content\/uploads\/2023\/07\/DCU_Digital_Logo_Official_Navy_Stacked-e1688504601514-15x12.png 15w, https:\/\/aei.art.br\/aiai\/wp-content\/uploads\/2023\/07\/DCU_Digital_Logo_Official_Navy_Stacked-e1688504601514-95x75.png 95w, https:\/\/aei.art.br\/aiai\/wp-content\/uploads\/2023\/07\/DCU_Digital_Logo_Official_Navy_Stacked-e1688504601514-480x380.png 480w, https:\/\/aei.art.br\/aiai\/wp-content\/uploads\/2023\/07\/DCU_Digital_Logo_Official_Navy_Stacked-e1688504601514.png 800w\" sizes=\"(max-width:767px) 480px, 500px\" \/>\t\t\t\t\t\t\t\t\t\t\t\t\t\t\t<\/div>\n\t\t\t\t<\/div>\n\t\t\t\t\t<\/div>\n\t\t<\/div>\n\t\t\t\t<div class=\"elementor-column elementor-col-33 elementor-top-column elementor-element elementor-element-29ecd7d\" data-id=\"29ecd7d\" data-element_type=\"column\">\n\t\t\t<div class=\"elementor-widget-wrap elementor-element-populated\">\n\t\t\t\t\t\t<div class=\"elementor-element elementor-element-fd802d6 elementor-widget elementor-widget-image\" data-id=\"fd802d6\" data-element_type=\"widget\" data-widget_type=\"image.default\">\n\t\t\t\t<div class=\"elementor-widget-container\">\n\t\t\t\t\t\t\t\t\t\t\t\t\t\t\t<img decoding=\"async\" width=\"220\" height=\"63\" src=\"https:\/\/aei.art.br\/aiai\/wp-content\/uploads\/2023\/06\/Leeds-Logo_pmsBLACK-Converted-1.png\" class=\"attachment-large size-large wp-image-535\" alt=\"\" srcset=\"https:\/\/aei.art.br\/aiai\/wp-content\/uploads\/2023\/06\/Leeds-Logo_pmsBLACK-Converted-1.png 220w, https:\/\/aei.art.br\/aiai\/wp-content\/uploads\/2023\/06\/Leeds-Logo_pmsBLACK-Converted-1-150x43.png 150w\" sizes=\"(max-width:767px) 220px, 220px\" \/>\t\t\t\t\t\t\t\t\t\t\t\t\t\t\t<\/div>\n\t\t\t\t<\/div>\n\t\t\t\t\t<\/div>\n\t\t<\/div>\n\t\t\t\t\t<\/div>\n\t\t<\/section>\n\t\t\t\t<section class=\"elementor-section elementor-top-section elementor-element elementor-element-7feadb0 elementor-section-boxed elementor-section-height-default elementor-section-height-default\" data-id=\"7feadb0\" data-element_type=\"section\">\n\t\t\t\t\t\t<div class=\"elementor-container elementor-column-gap-default\">\n\t\t\t\t\t<div class=\"elementor-column elementor-col-100 elementor-top-column elementor-element elementor-element-ec0a14e\" data-id=\"ec0a14e\" data-element_type=\"column\">\n\t\t\t<div class=\"elementor-widget-wrap elementor-element-populated\">\n\t\t\t\t\t\t<div class=\"elementor-element elementor-element-9329ac0 elementor-widget elementor-widget-spacer\" data-id=\"9329ac0\" data-element_type=\"widget\" data-widget_type=\"spacer.default\">\n\t\t\t\t<div class=\"elementor-widget-container\">\n\t\t\t\t\t\t\t<div class=\"elementor-spacer\">\n\t\t\t<div class=\"elementor-spacer-inner\"><\/div>\n\t\t<\/div>\n\t\t\t\t\t\t<\/div>\n\t\t\t\t<\/div>\n\t\t\t\t\t<\/div>\n\t\t<\/div>\n\t\t\t\t\t<\/div>\n\t\t<\/section>\n\t\t\t\t<\/div>","protected":false},"excerpt":{"rendered":"<p>IA\/AI: Intelig\u00eancia Artificial, Arte e Indigeneidade A arte criada com programas de Intelig\u00eancia Artificial \u00e9 um tema muito quente no momento. Algumas pessoas ficam horrorizadas com<span class=\"excerpt-hellip\"> [\u2026]<\/span><\/p>","protected":false},"author":1,"featured_media":0,"parent":0,"menu_order":0,"comment_status":"closed","ping_status":"closed","template":"elementor_header_footer","meta":{"footnotes":""},"class_list":["post-6","page","type-page","status-publish","hentry"],"_links":{"self":[{"href":"https:\/\/aei.art.br\/aiai\/es\/wp-json\/wp\/v2\/pages\/6","targetHints":{"allow":["GET"]}}],"collection":[{"href":"https:\/\/aei.art.br\/aiai\/es\/wp-json\/wp\/v2\/pages"}],"about":[{"href":"https:\/\/aei.art.br\/aiai\/es\/wp-json\/wp\/v2\/types\/page"}],"author":[{"embeddable":true,"href":"https:\/\/aei.art.br\/aiai\/es\/wp-json\/wp\/v2\/users\/1"}],"replies":[{"embeddable":true,"href":"https:\/\/aei.art.br\/aiai\/es\/wp-json\/wp\/v2\/comments?post=6"}],"version-history":[{"count":198,"href":"https:\/\/aei.art.br\/aiai\/es\/wp-json\/wp\/v2\/pages\/6\/revisions"}],"predecessor-version":[{"id":958,"href":"https:\/\/aei.art.br\/aiai\/es\/wp-json\/wp\/v2\/pages\/6\/revisions\/958"}],"wp:attachment":[{"href":"https:\/\/aei.art.br\/aiai\/es\/wp-json\/wp\/v2\/media?parent=6"}],"curies":[{"name":"wp","href":"https:\/\/api.w.org\/{rel}","templated":true}]}}